{"id":7241,"date":"2024-11-22T14:23:36","date_gmt":"2024-11-22T07:23:36","guid":{"rendered":"http:\/\/vimariel.viglaceraip.com\/?page_id=7241"},"modified":"2024-11-23T13:47:09","modified_gmt":"2024-11-23T06:47:09","slug":"khu-cong-nghiep-song-cong-2-giai-doan-2","status":"publish","type":"page","link":"https:\/\/songcong2.viglaceraip.com\/vi\/","title":{"rendered":"Khu C\u00f4ng Nghi\u1ec7p S\u00f4ng C\u00f4ng 2 &#8211; Giai \u0111o\u1ea1n 2"},"content":{"rendered":"","protected":false},"excerpt":{"rendered":"","protected":false},"author":6,"featured_media":0,"parent":0,"menu_order":0,"comment_status":"closed","ping_status":"closed","template":"","meta":{"footnotes":""},"class_list":["post-7241","page","type-page","status-publish","hentry"],"_links":{"self":[{"href":"https:\/\/songcong2.viglaceraip.com\/vi\/wp-json\/wp\/v2\/pages\/7241","targetHints":{"allow":["GET"]}}],"collection":[{"href":"https:\/\/songcong2.viglaceraip.com\/vi\/wp-json\/wp\/v2\/pages"}],"about":[{"href":"https:\/\/songcong2.viglaceraip.com\/vi\/wp-json\/wp\/v2\/types\/page"}],"author":[{"embeddable":true,"href":"https:\/\/songcong2.viglaceraip.com\/vi\/wp-json\/wp\/v2\/users\/6"}],"replies":[{"embeddable":true,"href":"https:\/\/songcong2.viglaceraip.com\/vi\/wp-json\/wp\/v2\/comments?post=7241"}],"version-history":[{"count":6,"href":"https:\/\/songcong2.viglaceraip.com\/vi\/wp-json\/wp\/v2\/pages\/7241\/revisions"}],"predecessor-version":[{"id":15120,"href":"https:\/\/songcong2.viglaceraip.com\/vi\/wp-json\/wp\/v2\/pages\/7241\/revisions\/15120"}],"wp:attachment":[{"href":"https:\/\/songcong2.viglaceraip.com\/vi\/wp-json\/wp\/v2\/media?parent=7241"}],"curies":[{"name":"wp","href":"https:\/\/api.w.org\/{rel}","templated":true}]}}